{"id":58,"date":"2020-10-20T10:21:44","date_gmt":"2020-10-20T08:21:44","guid":{"rendered":"https:\/\/demo.artureanec.com\/themes\/wildworld\/?page_id=58"},"modified":"2023-03-16T19:44:09","modified_gmt":"2023-03-16T17:44:09","slug":"actividades","status":"publish","type":"page","link":"https:\/\/www.bihotzurdina.com\/es\/actividades\/","title":{"rendered":"Actividades"},"content":{"rendered":"\t\t<div data-elementor-type=\"wp-page\" data-elementor-id=\"58\" class=\"elementor elementor-58\">\n\t\t\t\t\t\t<section class=\"elementor-section elementor-top-section elementor-element elementor-element-77e4593 elementor-section-boxed elementor-section-height-default elementor-section-height-default\" data-id=\"77e4593\" data-element_type=\"section\">\n\t\t\t\t\t\t<div class=\"elementor-container elementor-column-gap-default\">\n\t\t\t\t\t<div class=\"elementor-column elementor-col-100 elementor-top-column elementor-element elementor-element-3222148\" data-id=\"3222148\" data-element_type=\"column\">\n\t\t\t<div class=\"elementor-widget-wrap elementor-element-populated\">\n\t\t\t\t\t\t<div class=\"elementor-element elementor-element-a14b35c elementor-widget elementor-widget-text-editor\" data-id=\"a14b35c\" data-element_type=\"widget\" data-widget_type=\"text-editor.default\">\n\t\t\t\t<div class=\"elementor-widget-container\">\n\t\t\t\t\t\t\t\t\t<p>En este proyecto van a tener cabida\u00a0actividades muy diversas, casi siempre relacionadas con el mar y el medioambiente (ODS 14), pero tambi\u00e9n con otras \u00e1reas en las que creemos que podemos aportar nuestro granito de arena, nuestro Bihotz urdina:<br \/>Salud y bienestar (ODS 3), Igualdad de g\u00e9nero (ODS 5), Reducci\u00f3n de desiguladades (ODS 10), Ciudades y comunidades sostenibles (ODS 11)\u2026<br \/><br \/>Las actividades\u00a0se presentar\u00e1n por adelantado cada trimestre y estar\u00e1n dirigidas a diversos p\u00fablicos primando siempre la presencia de ni\u00f1os que, como insistimos, deben ser quienes traccionen\u00a0 los cambios en el futuro.<\/p>\t\t\t\t\t\t\t\t<\/div>\n\t\t\t\t<\/div>\n\t\t\t\t\t<\/div>\n\t\t<\/div>\n\t\t\t\t\t<\/div>\n\t\t<\/section>\n\t\t\t\t<section class=\"elementor-section elementor-top-section elementor-element elementor-element-33bcfa12 elementor-section-boxed elementor-section-height-default elementor-section-height-default\" data-id=\"33bcfa12\" data-element_type=\"section\">\n\t\t\t\t\t\t<div class=\"elementor-container elementor-column-gap-default\">\n\t\t\t\t\t<div class=\"elementor-column elementor-col-100 elementor-top-column elementor-element elementor-element-10c5cdfa\" data-id=\"10c5cdfa\" data-element_type=\"column\">\n\t\t\t<div class=\"elementor-widget-wrap elementor-element-populated\">\n\t\t\t\t\t\t<div class=\"elementor-element elementor-element-3f9d63bc elementor-widget elementor-widget-wildworld_events_listing\" data-id=\"3f9d63bc\" data-element_type=\"widget\" data-widget_type=\"wildworld_events_listing.default\">\n\t\t\t\t<div class=\"elementor-widget-container\">\n\t\t\t\t\t\n        <div class=\"wildworld_events_listing_widget\">\n            <div class=\"wildworld_events_listing_wrapper view_type_1\">\n                \n                        <div class=\"wildworld_event_listing_item\">\n                            <div class=\"wildworld_event_listing_item_wrapper\">\n                                <div class=\"wildworld_event_listing_item_image_box\">\n                                                                            <div class=\"wildworld_event_date_box\">\n                                                                                            <span class=\"wildworld_event_date\">11<\/span>\n                                                                                                <span class=\"wildworld_event_month\">ENE<\/span>\n                                                                                        <\/div>\n                                                                                <img decoding=\"async\" class=\"wildworld_img--bg\" src=\"https:\/\/www.bihotzurdina.com\/wp-content\/uploads\/2025\/01\/IMG-20250111-WA0011-640x380.jpg\" alt=\"\" \/>\n                                                                        <\/div>\n\n                                <h6 class=\"wildworld_event_listing_item_title\">\n                                    <a href=\"https:\/\/www.bihotzurdina.com\/es\/events\/acto-de-entrega-de-premios-concurso-de-pintura-y-relatos\/\">ACTO DE ENTREGA DE PREMIOS CONCURSO DE PINTURA Y RELATOS<\/a>\n                                <\/h6>\n\n                                <p class=\"wildworld_event_listing_item_excerpt\">11 de ENERO A las 11:30 DONOSTI Aquarium<\/p>\n\n                                                                    <p class=\"wildworld_event_time\">\n                                        <svg class=\"icon\">\n                                            <svg fill=\"none\" stroke-width=\"2\" stroke-linecap=\"round\" stroke-linejoin=\"round\" class=\"ahfeather ahfeather-clock\" viewBox=\"0 0 24 24\" id=\"clock-46615\" xmlns=\"http:\/\/www.w3.org\/2000\/svg\"><circle cx=\"12\" cy=\"12\" r=\"10\"\/><path d=\"M12 6v6l4 2\"\/><\/svg>\n                                        <\/svg>\n                                        11:30                                    <\/p>\n                                                                <\/div>\n                        <\/div>\n                        \n                        <div class=\"wildworld_event_listing_item\">\n                            <div class=\"wildworld_event_listing_item_wrapper\">\n                                <div class=\"wildworld_event_listing_item_image_box\">\n                                                                            <div class=\"wildworld_event_date_box\">\n                                                                                            <span class=\"wildworld_event_date\">20<\/span>\n                                                                                                <span class=\"wildworld_event_month\">OCT<\/span>\n                                                                                        <\/div>\n                                                                                <img decoding=\"async\" class=\"wildworld_img--bg\" src=\"https:\/\/www.bihotzurdina.com\/wp-content\/uploads\/2024\/10\/V4.00_01_03_40.Imagen-fija004-scaled-640x380.jpg\" alt=\"\" \/>\n                                                                        <\/div>\n\n                                <h6 class=\"wildworld_event_listing_item_title\">\n                                    <a href=\"https:\/\/www.bihotzurdina.com\/es\/events\/nafarroa-oinez-sanguesa-2024\/\">NAFARROA OINEZ SANG\u00dcESA 2024<\/a>\n                                <\/h6>\n\n                                <p class=\"wildworld_event_listing_item_excerpt\">10 de OCTUBRE A partir de las 10:00 SANG\u00dcESA Zangotzako Ikastola<\/p>\n\n                                                                    <p class=\"wildworld_event_time\">\n                                        <svg class=\"icon\">\n                                            <svg fill=\"none\" stroke-width=\"2\" stroke-linecap=\"round\" stroke-linejoin=\"round\" class=\"ahfeather ahfeather-clock\" viewBox=\"0 0 24 24\" id=\"clock-17135\" xmlns=\"http:\/\/www.w3.org\/2000\/svg\"><circle cx=\"12\" cy=\"12\" r=\"10\"\/><path d=\"M12 6v6l4 2\"\/><\/svg>\n                                        <\/svg>\n                                        10:00                                    <\/p>\n                                                                <\/div>\n                        <\/div>\n                        \n                        <div class=\"wildworld_event_listing_item\">\n                            <div class=\"wildworld_event_listing_item_wrapper\">\n                                <div class=\"wildworld_event_listing_item_image_box\">\n                                                                            <div class=\"wildworld_event_date_box\">\n                                                                                            <span class=\"wildworld_event_date\">6<\/span>\n                                                                                                <span class=\"wildworld_event_month\">OCT<\/span>\n                                                                                        <\/div>\n                                                                                <img decoding=\"async\" class=\"wildworld_img--bg\" src=\"https:\/\/www.bihotzurdina.com\/wp-content\/uploads\/2024\/10\/4-640x380.jpg\" alt=\"\" \/>\n                                                                        <\/div>\n\n                                <h6 class=\"wildworld_event_listing_item_title\">\n                                    <a href=\"https:\/\/www.bihotzurdina.com\/es\/events\/kilometroak-azpeitia-2024\/\">KILOMETROAK AZPEITIA 2024<\/a>\n                                <\/h6>\n\n                                <p class=\"wildworld_event_listing_item_excerpt\">6 de octubre A partir de las 10:00 AZPEITIA Ikastola de Azpeitia<\/p>\n\n                                                                    <p class=\"wildworld_event_time\">\n                                        <svg class=\"icon\">\n                                            <svg fill=\"none\" stroke-width=\"2\" stroke-linecap=\"round\" stroke-linejoin=\"round\" class=\"ahfeather ahfeather-clock\" viewBox=\"0 0 24 24\" id=\"clock-70624\" xmlns=\"http:\/\/www.w3.org\/2000\/svg\"><circle cx=\"12\" cy=\"12\" r=\"10\"\/><path d=\"M12 6v6l4 2\"\/><\/svg>\n                                        <\/svg>\n                                        10:00                                    <\/p>\n                                                                <\/div>\n                        <\/div>\n                        \n                        <div class=\"wildworld_event_listing_item\">\n                            <div class=\"wildworld_event_listing_item_wrapper\">\n                                <div class=\"wildworld_event_listing_item_image_box\">\n                                                                            <img decoding=\"async\" class=\"wildworld_img--bg\" src=\"https:\/\/www.bihotzurdina.com\/wp-content\/uploads\/2024\/10\/Cartel-Concurso-de-relatos-2024-low-scaled-640x380.jpg\" alt=\"\" \/>\n                                                                        <\/div>\n\n                                <h6 class=\"wildworld_event_listing_item_title\">\n                                    <a href=\"https:\/\/www.bihotzurdina.com\/es\/events\/concurso-de-relatos-2024\/\">CONCURSO DE RELATOS 2024<\/a>\n                                <\/h6>\n\n                                <p class=\"wildworld_event_listing_item_excerpt\"><\/p>\n\n                                                            <\/div>\n                        <\/div>\n                        \n                        <div class=\"wildworld_event_listing_item\">\n                            <div class=\"wildworld_event_listing_item_wrapper\">\n                                <div class=\"wildworld_event_listing_item_image_box\">\n                                                                            <img decoding=\"async\" class=\"wildworld_img--bg\" src=\"https:\/\/www.bihotzurdina.com\/wp-content\/uploads\/2024\/10\/Cartel-Concurso-de-pintura-24-low-scaled-640x380.jpg\" alt=\"\" \/>\n                                                                        <\/div>\n\n                                <h6 class=\"wildworld_event_listing_item_title\">\n                                    <a href=\"https:\/\/www.bihotzurdina.com\/es\/events\/concurso-de-pintura-2024\/\">CONCURSO DE PINTURA 2024<\/a>\n                                <\/h6>\n\n                                <p class=\"wildworld_event_listing_item_excerpt\"><\/p>\n\n                                                            <\/div>\n                        <\/div>\n                        \n                        <div class=\"wildworld_event_listing_item\">\n                            <div class=\"wildworld_event_listing_item_wrapper\">\n                                <div class=\"wildworld_event_listing_item_image_box\">\n                                                                            <div class=\"wildworld_event_date_box\">\n                                                                                            <span class=\"wildworld_event_date\">22<\/span>\n                                                                                                <span class=\"wildworld_event_month\">JUN<\/span>\n                                                                                        <\/div>\n                                                                                <img decoding=\"async\" class=\"wildworld_img--bg\" src=\"https:\/\/www.bihotzurdina.com\/wp-content\/uploads\/2024\/06\/A012C081_240622_H314.MOV.06_49_04_14.Imagen-fija003-scaled-640x380.jpg\" alt=\"\" \/>\n                                                                        <\/div>\n\n                                <h6 class=\"wildworld_event_listing_item_title\">\n                                    <a href=\"https:\/\/www.bihotzurdina.com\/es\/events\/meeting-ordizia-2024\/\">MEETING ORDIZIA 2024<\/a>\n                                <\/h6>\n\n                                <p class=\"wildworld_event_listing_item_excerpt\">22 de JUNIO A partir de las 19:00 ORDIZIA Estadio Altamira<\/p>\n\n                                                                    <p class=\"wildworld_event_time\">\n                                        <svg class=\"icon\">\n                                            <svg fill=\"none\" stroke-width=\"2\" stroke-linecap=\"round\" stroke-linejoin=\"round\" class=\"ahfeather ahfeather-clock\" viewBox=\"0 0 24 24\" id=\"clock-55332\" xmlns=\"http:\/\/www.w3.org\/2000\/svg\"><circle cx=\"12\" cy=\"12\" r=\"10\"\/><path d=\"M12 6v6l4 2\"\/><\/svg>\n                                        <\/svg>\n                                        19:00                                    <\/p>\n                                                                <\/div>\n                        <\/div>\n                        \n                        <div class=\"wildworld_event_listing_item\">\n                            <div class=\"wildworld_event_listing_item_wrapper\">\n                                <div class=\"wildworld_event_listing_item_image_box\">\n                                                                            <div class=\"wildworld_event_date_box\">\n                                                                                            <span class=\"wildworld_event_date\">11<\/span>\n                                                                                                <span class=\"wildworld_event_month\">MAY<\/span>\n                                                                                        <\/div>\n                                                                                <img decoding=\"async\" class=\"wildworld_img--bg\" src=\"https:\/\/www.bihotzurdina.com\/wp-content\/uploads\/2024\/05\/V5.00_00_13_18.Imagen-fija003-scaled-640x380.jpg\" alt=\"\" \/>\n                                                                        <\/div>\n\n                                <h6 class=\"wildworld_event_listing_item_title\">\n                                    <a href=\"https:\/\/www.bihotzurdina.com\/es\/events\/copa-de-la-reina-de-balonmano\/\">COPA DE LA REINA DE BALONMANO<\/a>\n                                <\/h6>\n\n                                <p class=\"wildworld_event_listing_item_excerpt\">11 de MAYO A partir de las 17:00 DONOSTIA Illumbe<\/p>\n\n                                                                    <p class=\"wildworld_event_time\">\n                                        <svg class=\"icon\">\n                                            <svg fill=\"none\" stroke-width=\"2\" stroke-linecap=\"round\" stroke-linejoin=\"round\" class=\"ahfeather ahfeather-clock\" viewBox=\"0 0 24 24\" id=\"clock-89109\" xmlns=\"http:\/\/www.w3.org\/2000\/svg\"><circle cx=\"12\" cy=\"12\" r=\"10\"\/><path d=\"M12 6v6l4 2\"\/><\/svg>\n                                        <\/svg>\n                                        17:00                                    <\/p>\n                                                                <\/div>\n                        <\/div>\n                        \n                        <div class=\"wildworld_event_listing_item\">\n                            <div class=\"wildworld_event_listing_item_wrapper\">\n                                <div class=\"wildworld_event_listing_item_image_box\">\n                                                                            <div class=\"wildworld_event_date_box\">\n                                                                                            <span class=\"wildworld_event_date\">20<\/span>\n                                                                                                <span class=\"wildworld_event_month\">ABR<\/span>\n                                                                                        <\/div>\n                                                                                <img decoding=\"async\" class=\"wildworld_img--bg\" src=\"https:\/\/www.bihotzurdina.com\/wp-content\/uploads\/2024\/04\/Programa-Copa_2024_A4_CAST_05-1-640x380.png\" alt=\"\" \/>\n                                                                        <\/div>\n\n                                <h6 class=\"wildworld_event_listing_item_title\">\n                                    <a href=\"https:\/\/www.bihotzurdina.com\/es\/events\/bihotz-urdina-escuela-de-vela-jornada-sostenible\/\">BIHOTZ URDINA ESCUELA DE VELA JORNADA SOSTENIBLE<\/a>\n                                <\/h6>\n\n                                <p class=\"wildworld_event_listing_item_excerpt\">20 DE ABRIL A partir de las 11:00 DONOSTIA Aquarium Donostia<\/p>\n\n                                                                    <p class=\"wildworld_event_time\">\n                                        <svg class=\"icon\">\n                                            <svg fill=\"none\" stroke-width=\"2\" stroke-linecap=\"round\" stroke-linejoin=\"round\" class=\"ahfeather ahfeather-clock\" viewBox=\"0 0 24 24\" id=\"clock-88027\" xmlns=\"http:\/\/www.w3.org\/2000\/svg\"><circle cx=\"12\" cy=\"12\" r=\"10\"\/><path d=\"M12 6v6l4 2\"\/><\/svg>\n                                        <\/svg>\n                                        11:00                                    <\/p>\n                                                                <\/div>\n                        <\/div>\n                        \n                        <div class=\"wildworld_event_listing_item\">\n                            <div class=\"wildworld_event_listing_item_wrapper\">\n                                <div class=\"wildworld_event_listing_item_image_box\">\n                                                                            <div class=\"wildworld_event_date_box\">\n                                                                                            <span class=\"wildworld_event_date\">14<\/span>\n                                                                                                <span class=\"wildworld_event_month\">ABR<\/span>\n                                                                                        <\/div>\n                                                                                <img decoding=\"async\" class=\"wildworld_img--bg\" src=\"https:\/\/www.bihotzurdina.com\/wp-content\/uploads\/2024\/04\/V3.00_00_51_01.Imagen-fija003-scaled-640x380.jpg\" alt=\"\" \/>\n                                                                        <\/div>\n\n                                <h6 class=\"wildworld_event_listing_item_title\">\n                                    <a href=\"https:\/\/www.bihotzurdina.com\/es\/events\/bihotz-urdina-urdinduz-2024\/\">BIHOTZ URDINA URDINDUZ 2024<\/a>\n                                <\/h6>\n\n                                <p class=\"wildworld_event_listing_item_excerpt\">14 de ABRIL A partir de las 11:30 DONOSTIA Peine de los Vientos<\/p>\n\n                                                                    <p class=\"wildworld_event_time\">\n                                        <svg class=\"icon\">\n                                            <svg fill=\"none\" stroke-width=\"2\" stroke-linecap=\"round\" stroke-linejoin=\"round\" class=\"ahfeather ahfeather-clock\" viewBox=\"0 0 24 24\" id=\"clock-1107\" xmlns=\"http:\/\/www.w3.org\/2000\/svg\"><circle cx=\"12\" cy=\"12\" r=\"10\"\/><path d=\"M12 6v6l4 2\"\/><\/svg>\n                                        <\/svg>\n                                        11:30                                    <\/p>\n                                                                <\/div>\n                        <\/div>\n                                    <\/div>\n\n                            <div class=\"wildworld_pagination\">\n                    \n\t<nav class=\"navigation pagination\" aria-label=\"Paginaci\u00f3n de entradas\">\n\t\t<h2 class=\"screen-reader-text\">Paginaci\u00f3n de entradas<\/h2>\n\t\t<div class=\"nav-links\"><span aria-current=\"page\" class=\"page-numbers current\">1<\/span>\n<a class=\"page-numbers\" href=\"https:\/\/www.bihotzurdina.com\/es\/wp-json\/wp\/v2\/pages\/58\/page\/2\/\">2<\/a>\n<span class=\"page-numbers dots\">&hellip;<\/span>\n<a class=\"page-numbers\" href=\"https:\/\/www.bihotzurdina.com\/es\/wp-json\/wp\/v2\/pages\/58\/page\/5\/\">5<\/a>\n<a class=\"next page-numbers\" href=\"https:\/\/www.bihotzurdina.com\/es\/wp-json\/wp\/v2\/pages\/58\/page\/2\/\">Next<\/a><\/div>\n\t<\/nav>                <\/div>\n                        <\/div>\n        \t\t\t\t<\/div>\n\t\t\t\t<\/div>\n\t\t\t\t\t<\/div>\n\t\t<\/div>\n\t\t\t\t\t<\/div>\n\t\t<\/section>\n\t\t\t\t<\/div>\n\t\t","protected":false},"excerpt":{"rendered":"<p>En este proyecto van a tener cabida\u00a0actividades muy diversas, casi siempre relacionadas con el mar y el medioambiente (ODS 14), pero tambi\u00e9n con otras \u00e1reas en las que creemos que podemos aportar nuestro granito de arena, nuestro Bihotz urdina:Salud y bienestar (ODS 3), Igualdad de g\u00e9nero (ODS 5), Reducci\u00f3n de desiguladades (ODS 10), Ciudades y [&hellip;]<\/p>\n","protected":false},"author":1,"featured_media":3056,"parent":0,"menu_order":0,"comment_status":"closed","ping_status":"closed","template":"","meta":{"footnotes":""},"class_list":["post-58","page","type-page","status-publish","has-post-thumbnail","hentry"],"_links":{"self":[{"href":"https:\/\/www.bihotzurdina.com\/es\/wp-json\/wp\/v2\/pages\/58","targetHints":{"allow":["GET"]}}],"collection":[{"href":"https:\/\/www.bihotzurdina.com\/es\/wp-json\/wp\/v2\/pages"}],"about":[{"href":"https:\/\/www.bihotzurdina.com\/es\/wp-json\/wp\/v2\/types\/page"}],"author":[{"embeddable":true,"href":"https:\/\/www.bihotzurdina.com\/es\/wp-json\/wp\/v2\/users\/1"}],"replies":[{"embeddable":true,"href":"https:\/\/www.bihotzurdina.com\/es\/wp-json\/wp\/v2\/comments?post=58"}],"version-history":[{"count":24,"href":"https:\/\/www.bihotzurdina.com\/es\/wp-json\/wp\/v2\/pages\/58\/revisions"}],"predecessor-version":[{"id":5414,"href":"https:\/\/www.bihotzurdina.com\/es\/wp-json\/wp\/v2\/pages\/58\/revisions\/5414"}],"wp:featuredmedia":[{"embeddable":true,"href":"https:\/\/www.bihotzurdina.com\/es\/wp-json\/wp\/v2\/media\/3056"}],"wp:attachment":[{"href":"https:\/\/www.bihotzurdina.com\/es\/wp-json\/wp\/v2\/media?parent=58"}],"curies":[{"name":"wp","href":"https:\/\/api.w.org\/{rel}","templated":true}]}}