{"id":3,"date":"2021-08-31T14:41:26","date_gmt":"2021-08-31T14:41:26","guid":{"rendered":"http:\/\/www.bihotzurdina.com\/?page_id=3"},"modified":"2024-10-08T15:27:52","modified_gmt":"2024-10-08T13:27:52","slug":"politica-privacidad","status":"publish","type":"page","link":"https:\/\/www.bihotzurdina.com\/es\/politica-privacidad\/","title":{"rendered":"Pol\u00edtica de privacidad"},"content":{"rendered":"\n<p>La actual normativa sobre protecci\u00f3n de datos (RGPD) nos obliga a informarte sobre la raz\u00f3n por la que obtenemos tus datos, qu\u00e9 hacemos con ellos, d\u00f3nde y c\u00f3mo los almacenamos, y qu\u00e9 derechos te asisten como usuario de www.bihotzurdina.com<\/p>\n\n\n\n<p><strong>Datos identificativos:<\/strong><\/p>\n\n\n\n<p><strong>Responsable de la p\u00e1gina web y su contenido<\/strong>: FUNDACI\u00d3N OCEANOGR\u00c1FICA DE GIPUZKOA (Aquarium)<br><strong>DNI<\/strong>: G20796157<br><strong>Direcci\u00f3n<\/strong>: Plaza Carlos Blasco de Imaz, 1 (20003) Donostia -Gipuzkoa.<br><strong>Contacto:<\/strong> info@bihotzurdina.com<\/p>\n\n\n\n<h5 class=\"wp-block-heading\"><strong>\u00bfCon qu\u00e9 finalidad tratamos los datos personales?<\/strong><\/h5>\n\n\n\n<p>Los datos ser\u00e1n recogidos y almacenados con el objetivo de contactar con aquellos usuarios que se hayan puesto en contacto con nosotros a trav\u00e9s del formulario de contacto. Estos datos ser\u00e1n almacenados y nunca compartidos con terceros a excepci\u00f3n de que las autoridades legales as\u00ed lo requieran.<\/p>\n\n\n\n<h5 class=\"wp-block-heading\"><strong>\u00bfPor cu\u00e1nto tiempo conservaremos los datos?<\/strong><\/h5>\n\n\n\n<p>Los datos personales proporcionados por el usuario se conservar\u00e1n mientras exista una relaci\u00f3n con dicho usuario o mientras el usuario no solicite de forma expresa su voluntad de eliminar sus datos de nuestro sistema. Aun as\u00ed, y eliminando cualquier comunicaci\u00f3n comercial con el cliente, se podr\u00e1 almacenar y tratar esos datos durante el tiempo necesario para dar cumplimiento a las obligaciones legales y tributarias.<\/p>\n\n\n\n<h5 class=\"wp-block-heading\"><strong>\u00bfQu\u00e9 datos le pedimos que nos facilite?<\/strong><\/h5>\n\n\n\n<p>Los \u00fanicos datos que pedimos que nos facilite son los indicados en el formulario de contacto, donde se recogen los siguientes campos: Nombre, n\u00ba de tel\u00e9fono y correo electr\u00f3nico. El usuario ser\u00e1 el \u00fanico responsable frente a cualquier da\u00f1o, directo o indirecto, que cause a terceros o a www.bihotzurdina.com por el uso de datos personales de otra persona, o sus propios datos personales cuando sean falsos, err\u00f3neos, no actuales, inadecuados o impertinentes.<\/p>\n\n\n\n<h5 class=\"wp-block-heading\"><strong>\u00bfCon qui\u00e9n y para que se comparten los datos?<\/strong><\/h5>\n\n\n\n<p>-Hosting de nuestra plataforma: Ionos<br>-Plataforma web: WordPress<\/p>\n\n\n\n<h5 class=\"wp-block-heading\"><strong>Ejercicio de derechos de protecci\u00f3n de datos<\/strong><\/h5>\n\n\n\n<p>Los usuarios pueden dirigir una comunicaci\u00f3n a la direcci\u00f3n de correo electr\u00f3nico info@bihotzurdina.com con el asunto \u201cMis datos personales &#8211; Bihotz Urdina\u201d, fotocopia de su DNI u otro documento identificativo similar, para solicitar el ejercicio de los derechos de acceso, rectificaci\u00f3n, limitaci\u00f3n, cancelaci\u00f3n y oposici\u00f3n.<\/p>\n\n\n\n<h5 class=\"wp-block-heading\"><strong>Procedencia de los datos<\/strong><\/h5>\n\n\n\n<p>Los datos son suministrados por los usuarios dando su consentimiento para la comunicaci\u00f3n por parte de Bihotz Urdina, ya sea a trav\u00e9s de formularios de contacto o inscripciones.<\/p>\n\n\n\n<p>Bihotz Urdina informa que, cuando el usuario no mantenga relaciones comerciales con Bihotz Urdina, y realice el env\u00edo de un correo electr\u00f3nico o una comunicaci\u00f3n indicando otros datos personales, dicho usuario estar\u00e1 dando su consentimiento libre, inequ\u00edvoco, espec\u00edfico, informado y expreso para el tratamiento de sus datos personales por Bihotz Urdina, con las finalidades establecidas anteriormente, as\u00ed como atender su comunicaci\u00f3n o enviar documentaci\u00f3n.<\/p>\n\n\n\n<p>A los mismos efectos, si el usuario env\u00eda un correo electr\u00f3nico o comunica a  Bihotz Urdina sus datos personales en raz\u00f3n del cargo que ocupa en una empresa (ya sea como administrador, gerente, representante y\/o cualquier otro cargo como persona de contacto en la empresa), se entender\u00e1 que tal comunicaci\u00f3n conlleva la prestaci\u00f3n de su consentimiento libre, inequ\u00edvoco, espec\u00edfico, informado y expreso para el tratamiento de sus datos personales por  Bihotz Urdina, con las finalidades establecidas anteriormente, as\u00ed como atender su comunicaci\u00f3n o enviar documentaci\u00f3n.<\/p>\n\n\n\n<p>Bihotz Urdina cuenta con perfil algunas redes sociales de Internet, reconoci\u00e9ndose en todos los casos responsable del tratamiento de los datos de sus seguidores, fans, suscriptores, comentaristas y otros perfiles de usuarios (en adelante, seguidores). Los datos personales accesibles y comunicaciones v\u00eda Redes Sociales se rigen por las pol\u00edticas y condiciones de uso presentes en dichas las Redes Sociales, las cuales los usuarios aceptan en el momento de crear un perfil. El tratamiento se llevar\u00e1 a cabo con dichos datos ser\u00e1, como m\u00e1ximo, el que la red social permita a los perfiles corporativos. As\u00ed pues, se podr\u00e1 informar a seguidores por cualquier v\u00eda de la red social sobre actividades, ponencias, ofertas, as\u00ed como prestar servicio personalizado de atenci\u00f3n al cliente.<\/p>\n\n\n\n<p>En los eventos en cuesti\u00f3n BIHOTZ URDINA proceder\u00e1 a la toma de im\u00e1genes, las cuales podr\u00e1n ser publicadas en canales de comunicaci\u00f3n oficiales con fines promocionales del acto en cuesti\u00f3n. En caso de no querer que las im\u00e1genes en las que pueda aparecer Ud. o alg\u00fan menor que est\u00e9 bajo su tutela sean publicadas, por favor, h\u00e1ganoslo saber en la siguiente direcci\u00f3n de correo electr\u00f3nico, y procederemos a su inmediata retirada: info@bihotzurdina.com<\/p>\n","protected":false},"excerpt":{"rendered":"<p>La actual normativa sobre protecci\u00f3n de datos (RGPD) nos obliga a informarte sobre la raz\u00f3n por la que obtenemos tus datos, qu\u00e9 hacemos con ellos, d\u00f3nde y c\u00f3mo los almacenamos, y qu\u00e9 derechos te asisten como usuario de www.bihotzurdina.com Datos identificativos: Responsable de la p\u00e1gina web y su contenido: FUNDACI\u00d3N OCEANOGR\u00c1FICA DE GIPUZKOA (Aquarium)DNI: G20796157Direcci\u00f3n: [&hellip;]<\/p>\n","protected":false},"author":1,"featured_media":0,"parent":0,"menu_order":0,"comment_status":"closed","ping_status":"closed","template":"","meta":{"footnotes":""},"class_list":["post-3","page","type-page","status-publish","hentry"],"_links":{"self":[{"href":"https:\/\/www.bihotzurdina.com\/es\/wp-json\/wp\/v2\/pages\/3","targetHints":{"allow":["GET"]}}],"collection":[{"href":"https:\/\/www.bihotzurdina.com\/es\/wp-json\/wp\/v2\/pages"}],"about":[{"href":"https:\/\/www.bihotzurdina.com\/es\/wp-json\/wp\/v2\/types\/page"}],"author":[{"embeddable":true,"href":"https:\/\/www.bihotzurdina.com\/es\/wp-json\/wp\/v2\/users\/1"}],"replies":[{"embeddable":true,"href":"https:\/\/www.bihotzurdina.com\/es\/wp-json\/wp\/v2\/comments?post=3"}],"version-history":[{"count":4,"href":"https:\/\/www.bihotzurdina.com\/es\/wp-json\/wp\/v2\/pages\/3\/revisions"}],"predecessor-version":[{"id":6659,"href":"https:\/\/www.bihotzurdina.com\/es\/wp-json\/wp\/v2\/pages\/3\/revisions\/6659"}],"wp:attachment":[{"href":"https:\/\/www.bihotzurdina.com\/es\/wp-json\/wp\/v2\/media?parent=3"}],"curies":[{"name":"wp","href":"https:\/\/api.w.org\/{rel}","templated":true}]}}